{"id":239,"date":"2022-12-16T15:34:08","date_gmt":"2022-12-16T20:34:08","guid":{"rendered":"https:\/\/amerispa.codepoet.ca\/esterel-resort\/?page_id=239"},"modified":"2024-03-18T10:02:59","modified_gmt":"2024-03-18T14:02:59","slug":"promotions","status":"publish","type":"page","link":"https:\/\/amerispadev.ca\/esterel-resort\/promotions\/","title":{"rendered":"Promotions"},"content":{"rendered":"","protected":false},"excerpt":{"rendered":"","protected":false},"author":2,"featured_media":0,"parent":0,"menu_order":0,"comment_status":"closed","ping_status":"closed","template":"","meta":{"_acf_changed":false,"footnotes":""},"class_list":["post-239","page","type-page","status-publish","hentry"],"yoast_head":"<!-- This site is optimized with the Yoast SEO Premium plugin  - https:\/\/yoast.com\/wordpress\/plugins\/seo\/ -->\n<title>Nos promotions en cours | Amerispa Est\u00e9rel resort<\/title>\n<meta name=\"description\" content=\"Profitez de nos promotions et offres exclusives de bien-\u00eatre et d&#039;apaisement. Faites une pause et laissez-vous g\u00e2ter avec nos offres sp\u00e9ciales con\u00e7ues pour vous.\" \/>\n<meta name=\"robots\" content=\"index, follow, max-snippet:-1, max-image-preview:large, max-video-preview:-1\" \/>\n<link rel=\"canonical\" href=\"https:\/\/amerispadev.ca\/esterel-resort\/promotions\/\" \/>\n<meta property=\"og:locale\" content=\"en_US\" \/>\n<meta property=\"og:type\" content=\"article\" \/>\n<meta property=\"og:title\" content=\"Promotions\" \/>\n<meta property=\"og:description\" content=\"Profitez de nos promotions et offres exclusives de bien-\u00eatre et d&#039;apaisement. Faites une pause et laissez-vous g\u00e2ter avec nos offres sp\u00e9ciales con\u00e7ues pour vous.\" \/>\n<meta property=\"og:url\" content=\"https:\/\/amerispadev.ca\/esterel-resort\/promotions\/\" \/>\n<meta property=\"og:site_name\" content=\"Est\u00e9rel Resort\" \/>\n<meta property=\"article:modified_time\" content=\"2024-03-18T14:02:59+00:00\" \/>\n<meta name=\"twitter:card\" content=\"summary_large_image\" \/>\n<script type=\"application\/ld+json\" class=\"yoast-schema-graph\">{\"@context\":\"https:\/\/schema.org\",\"@graph\":[{\"@type\":\"WebPage\",\"@id\":\"https:\/\/amerispadev.ca\/esterel-resort\/promotions\/\",\"url\":\"https:\/\/amerispadev.ca\/esterel-resort\/promotions\/\",\"name\":\"Nos promotions en cours | Amerispa Est\u00e9rel resort\",\"isPartOf\":{\"@id\":\"https:\/\/amerispadev.ca\/esterel-resort\/#website\"},\"datePublished\":\"2022-12-16T20:34:08+00:00\",\"dateModified\":\"2024-03-18T14:02:59+00:00\",\"description\":\"Profitez de nos promotions et offres exclusives de bien-\u00eatre et d'apaisement. Faites une pause et laissez-vous g\u00e2ter avec nos offres sp\u00e9ciales con\u00e7ues pour vous.\",\"breadcrumb\":{\"@id\":\"https:\/\/amerispadev.ca\/esterel-resort\/promotions\/#breadcrumb\"},\"inLanguage\":\"en-US\",\"potentialAction\":[{\"@type\":\"ReadAction\",\"target\":[\"https:\/\/amerispadev.ca\/esterel-resort\/promotions\/\"]}]},{\"@type\":\"BreadcrumbList\",\"@id\":\"https:\/\/amerispadev.ca\/esterel-resort\/promotions\/#breadcrumb\",\"itemListElement\":[{\"@type\":\"ListItem\",\"position\":1,\"name\":\"Accueil\",\"item\":\"https:\/\/amerispadev.ca\/esterel-resort\/\"},{\"@type\":\"ListItem\",\"position\":2,\"name\":\"Promotions\"}]},{\"@type\":\"WebSite\",\"@id\":\"https:\/\/amerispadev.ca\/esterel-resort\/#website\",\"url\":\"https:\/\/amerispadev.ca\/esterel-resort\/\",\"name\":\"Est\u00e9rel Resort\",\"description\":\"\",\"potentialAction\":[{\"@type\":\"SearchAction\",\"target\":{\"@type\":\"EntryPoint\",\"urlTemplate\":\"https:\/\/amerispadev.ca\/esterel-resort\/?s={search_term_string}\"},\"query-input\":{\"@type\":\"PropertyValueSpecification\",\"valueRequired\":true,\"valueName\":\"search_term_string\"}}],\"inLanguage\":\"en-US\"}]}<\/script>\n<!-- \/ Yoast SEO Premium plugin. -->","yoast_head_json":{"title":"Nos promotions en cours | Amerispa Est\u00e9rel resort","description":"Profitez de nos promotions et offres exclusives de bien-\u00eatre et d'apaisement. Faites une pause et laissez-vous g\u00e2ter avec nos offres sp\u00e9ciales con\u00e7ues pour vous.","robots":{"index":"index","follow":"follow","max-snippet":"max-snippet:-1","max-image-preview":"max-image-preview:large","max-video-preview":"max-video-preview:-1"},"canonical":"https:\/\/amerispadev.ca\/esterel-resort\/promotions\/","og_locale":"en_US","og_type":"article","og_title":"Promotions","og_description":"Profitez de nos promotions et offres exclusives de bien-\u00eatre et d'apaisement. Faites une pause et laissez-vous g\u00e2ter avec nos offres sp\u00e9ciales con\u00e7ues pour vous.","og_url":"https:\/\/amerispadev.ca\/esterel-resort\/promotions\/","og_site_name":"Est\u00e9rel Resort","article_modified_time":"2024-03-18T14:02:59+00:00","twitter_card":"summary_large_image","schema":{"@context":"https:\/\/schema.org","@graph":[{"@type":"WebPage","@id":"https:\/\/amerispadev.ca\/esterel-resort\/promotions\/","url":"https:\/\/amerispadev.ca\/esterel-resort\/promotions\/","name":"Nos promotions en cours | Amerispa Est\u00e9rel resort","isPartOf":{"@id":"https:\/\/amerispadev.ca\/esterel-resort\/#website"},"datePublished":"2022-12-16T20:34:08+00:00","dateModified":"2024-03-18T14:02:59+00:00","description":"Profitez de nos promotions et offres exclusives de bien-\u00eatre et d'apaisement. Faites une pause et laissez-vous g\u00e2ter avec nos offres sp\u00e9ciales con\u00e7ues pour vous.","breadcrumb":{"@id":"https:\/\/amerispadev.ca\/esterel-resort\/promotions\/#breadcrumb"},"inLanguage":"en-US","potentialAction":[{"@type":"ReadAction","target":["https:\/\/amerispadev.ca\/esterel-resort\/promotions\/"]}]},{"@type":"BreadcrumbList","@id":"https:\/\/amerispadev.ca\/esterel-resort\/promotions\/#breadcrumb","itemListElement":[{"@type":"ListItem","position":1,"name":"Accueil","item":"https:\/\/amerispadev.ca\/esterel-resort\/"},{"@type":"ListItem","position":2,"name":"Promotions"}]},{"@type":"WebSite","@id":"https:\/\/amerispadev.ca\/esterel-resort\/#website","url":"https:\/\/amerispadev.ca\/esterel-resort\/","name":"Est\u00e9rel Resort","description":"","potentialAction":[{"@type":"SearchAction","target":{"@type":"EntryPoint","urlTemplate":"https:\/\/amerispadev.ca\/esterel-resort\/?s={search_term_string}"},"query-input":{"@type":"PropertyValueSpecification","valueRequired":true,"valueName":"search_term_string"}}],"inLanguage":"en-US"}]}},"acf":[],"_links":{"self":[{"href":"https:\/\/amerispadev.ca\/esterel-resort\/wp-json\/wp\/v2\/pages\/239","targetHints":{"allow":["GET"]}}],"collection":[{"href":"https:\/\/amerispadev.ca\/esterel-resort\/wp-json\/wp\/v2\/pages"}],"about":[{"href":"https:\/\/amerispadev.ca\/esterel-resort\/wp-json\/wp\/v2\/types\/page"}],"author":[{"embeddable":true,"href":"https:\/\/amerispadev.ca\/esterel-resort\/wp-json\/wp\/v2\/users\/2"}],"replies":[{"embeddable":true,"href":"https:\/\/amerispadev.ca\/esterel-resort\/wp-json\/wp\/v2\/comments?post=239"}],"version-history":[{"count":4,"href":"https:\/\/amerispadev.ca\/esterel-resort\/wp-json\/wp\/v2\/pages\/239\/revisions"}],"predecessor-version":[{"id":465,"href":"https:\/\/amerispadev.ca\/esterel-resort\/wp-json\/wp\/v2\/pages\/239\/revisions\/465"}],"wp:attachment":[{"href":"https:\/\/amerispadev.ca\/esterel-resort\/wp-json\/wp\/v2\/media?parent=239"}],"curies":[{"name":"wp","href":"https:\/\/api.w.org\/{rel}","templated":true}]}}