{"id":224,"date":"2022-12-15T15:27:00","date_gmt":"2022-12-15T20:27:00","guid":{"rendered":"https:\/\/amerispa.codepoet.ca\/sheraton-laval\/?page_id=224"},"modified":"2024-02-09T15:55:08","modified_gmt":"2024-02-09T20:55:08","slug":"soins-du-visage","status":"publish","type":"page","link":"https:\/\/amerispadev.ca\/sheraton-laval\/soins-du-visage\/","title":{"rendered":"Soins du visage"},"content":{"rendered":"","protected":false},"excerpt":{"rendered":"","protected":false},"author":2,"featured_media":237,"parent":0,"menu_order":0,"comment_status":"closed","ping_status":"closed","template":"template-typedesoin.php","meta":{"_acf_changed":false,"footnotes":""},"class_list":["post-224","page","type-page","status-publish","has-post-thumbnail","hentry"],"yoast_head":"<!-- This site is optimized with the Yoast SEO Premium plugin  - https:\/\/yoast.com\/wordpress\/plugins\/seo\/ -->\n<title>Soins du visage - Amerispa Sheraton Laval<\/title>\n<meta name=\"description\" content=\"D\u00e9couvrez nos soins du visage et offrez \u00e0 votre peau un traitement personnalis\u00e9 et revitalisant. Nos esth\u00e9ticiennes exp\u00e9riment\u00e9es utilisent des produits de qualit\u00e9 pour vous offrir une exp\u00e9rience de d\u00e9tente et des r\u00e9sultats visibles.\" \/>\n<meta name=\"robots\" content=\"index, follow, max-snippet:-1, max-image-preview:large, max-video-preview:-1\" \/>\n<link rel=\"canonical\" href=\"https:\/\/amerispadev.ca\/sheraton-laval\/soins-du-visage\/\" \/>\n<meta property=\"og:locale\" content=\"en_US\" \/>\n<meta property=\"og:type\" content=\"article\" \/>\n<meta property=\"og:title\" content=\"Soins du visage\" \/>\n<meta property=\"og:description\" content=\"D\u00e9couvrez nos soins du visage et offrez \u00e0 votre peau un traitement personnalis\u00e9 et revitalisant. Nos esth\u00e9ticiennes exp\u00e9riment\u00e9es utilisent des produits de qualit\u00e9 pour vous offrir une exp\u00e9rience de d\u00e9tente et des r\u00e9sultats visibles.\" \/>\n<meta property=\"og:url\" content=\"https:\/\/amerispadev.ca\/sheraton-laval\/soins-du-visage\/\" \/>\n<meta property=\"og:site_name\" content=\"Sheraton Laval\" \/>\n<meta property=\"article:modified_time\" content=\"2024-02-09T20:55:08+00:00\" \/>\n<meta property=\"og:image\" content=\"https:\/\/amerispadev.ca\/sheraton-laval\/wp-content\/uploads\/sites\/11\/2022\/12\/amerispa_DSC2276_switch.jpg\" \/>\n\t<meta property=\"og:image:width\" content=\"1920\" \/>\n\t<meta property=\"og:image:height\" content=\"1281\" \/>\n\t<meta property=\"og:image:type\" content=\"image\/jpeg\" \/>\n<meta name=\"twitter:card\" content=\"summary_large_image\" \/>\n<meta name=\"twitter:label1\" content=\"Est. reading time\" \/>\n\t<meta name=\"twitter:data1\" content=\"1 minute\" \/>\n<script type=\"application\/ld+json\" class=\"yoast-schema-graph\">{\"@context\":\"https:\/\/schema.org\",\"@graph\":[{\"@type\":\"WebPage\",\"@id\":\"https:\/\/amerispadev.ca\/sheraton-laval\/soins-du-visage\/\",\"url\":\"https:\/\/amerispadev.ca\/sheraton-laval\/soins-du-visage\/\",\"name\":\"Soins du visage - Amerispa Sheraton Laval\",\"isPartOf\":{\"@id\":\"https:\/\/amerispadev.ca\/sheraton-laval\/#website\"},\"primaryImageOfPage\":{\"@id\":\"https:\/\/amerispadev.ca\/sheraton-laval\/soins-du-visage\/#primaryimage\"},\"image\":{\"@id\":\"https:\/\/amerispadev.ca\/sheraton-laval\/soins-du-visage\/#primaryimage\"},\"thumbnailUrl\":\"https:\/\/amerispadev.ca\/sheraton-laval\/wp-content\/uploads\/sites\/11\/2022\/12\/amerispa_DSC2276_switch.jpg\",\"datePublished\":\"2022-12-15T20:27:00+00:00\",\"dateModified\":\"2024-02-09T20:55:08+00:00\",\"description\":\"D\u00e9couvrez nos soins du visage et offrez \u00e0 votre peau un traitement personnalis\u00e9 et revitalisant. Nos esth\u00e9ticiennes exp\u00e9riment\u00e9es utilisent des produits de qualit\u00e9 pour vous offrir une exp\u00e9rience de d\u00e9tente et des r\u00e9sultats visibles.\",\"breadcrumb\":{\"@id\":\"https:\/\/amerispadev.ca\/sheraton-laval\/soins-du-visage\/#breadcrumb\"},\"inLanguage\":\"en-US\",\"potentialAction\":[{\"@type\":\"ReadAction\",\"target\":[\"https:\/\/amerispadev.ca\/sheraton-laval\/soins-du-visage\/\"]}]},{\"@type\":\"ImageObject\",\"inLanguage\":\"en-US\",\"@id\":\"https:\/\/amerispadev.ca\/sheraton-laval\/soins-du-visage\/#primaryimage\",\"url\":\"https:\/\/amerispadev.ca\/sheraton-laval\/wp-content\/uploads\/sites\/11\/2022\/12\/amerispa_DSC2276_switch.jpg\",\"contentUrl\":\"https:\/\/amerispadev.ca\/sheraton-laval\/wp-content\/uploads\/sites\/11\/2022\/12\/amerispa_DSC2276_switch.jpg\",\"width\":1920,\"height\":1281},{\"@type\":\"BreadcrumbList\",\"@id\":\"https:\/\/amerispadev.ca\/sheraton-laval\/soins-du-visage\/#breadcrumb\",\"itemListElement\":[{\"@type\":\"ListItem\",\"position\":1,\"name\":\"Accueil\",\"item\":\"https:\/\/amerispadev.ca\/sheraton-laval\/\"},{\"@type\":\"ListItem\",\"position\":2,\"name\":\"Soins du visage\"}]},{\"@type\":\"WebSite\",\"@id\":\"https:\/\/amerispadev.ca\/sheraton-laval\/#website\",\"url\":\"https:\/\/amerispadev.ca\/sheraton-laval\/\",\"name\":\"Sheraton Laval\",\"description\":\"\",\"potentialAction\":[{\"@type\":\"SearchAction\",\"target\":{\"@type\":\"EntryPoint\",\"urlTemplate\":\"https:\/\/amerispadev.ca\/sheraton-laval\/?s={search_term_string}\"},\"query-input\":{\"@type\":\"PropertyValueSpecification\",\"valueRequired\":true,\"valueName\":\"search_term_string\"}}],\"inLanguage\":\"en-US\"}]}<\/script>\n<!-- \/ Yoast SEO Premium plugin. -->","yoast_head_json":{"title":"Soins du visage - Amerispa Sheraton Laval","description":"D\u00e9couvrez nos soins du visage et offrez \u00e0 votre peau un traitement personnalis\u00e9 et revitalisant. Nos esth\u00e9ticiennes exp\u00e9riment\u00e9es utilisent des produits de qualit\u00e9 pour vous offrir une exp\u00e9rience de d\u00e9tente et des r\u00e9sultats visibles.","robots":{"index":"index","follow":"follow","max-snippet":"max-snippet:-1","max-image-preview":"max-image-preview:large","max-video-preview":"max-video-preview:-1"},"canonical":"https:\/\/amerispadev.ca\/sheraton-laval\/soins-du-visage\/","og_locale":"en_US","og_type":"article","og_title":"Soins du visage","og_description":"D\u00e9couvrez nos soins du visage et offrez \u00e0 votre peau un traitement personnalis\u00e9 et revitalisant. Nos esth\u00e9ticiennes exp\u00e9riment\u00e9es utilisent des produits de qualit\u00e9 pour vous offrir une exp\u00e9rience de d\u00e9tente et des r\u00e9sultats visibles.","og_url":"https:\/\/amerispadev.ca\/sheraton-laval\/soins-du-visage\/","og_site_name":"Sheraton Laval","article_modified_time":"2024-02-09T20:55:08+00:00","og_image":[{"width":1920,"height":1281,"url":"https:\/\/amerispadev.ca\/sheraton-laval\/wp-content\/uploads\/sites\/11\/2022\/12\/amerispa_DSC2276_switch.jpg","type":"image\/jpeg"}],"twitter_card":"summary_large_image","twitter_misc":{"Est. reading time":"1 minute"},"schema":{"@context":"https:\/\/schema.org","@graph":[{"@type":"WebPage","@id":"https:\/\/amerispadev.ca\/sheraton-laval\/soins-du-visage\/","url":"https:\/\/amerispadev.ca\/sheraton-laval\/soins-du-visage\/","name":"Soins du visage - Amerispa Sheraton Laval","isPartOf":{"@id":"https:\/\/amerispadev.ca\/sheraton-laval\/#website"},"primaryImageOfPage":{"@id":"https:\/\/amerispadev.ca\/sheraton-laval\/soins-du-visage\/#primaryimage"},"image":{"@id":"https:\/\/amerispadev.ca\/sheraton-laval\/soins-du-visage\/#primaryimage"},"thumbnailUrl":"https:\/\/amerispadev.ca\/sheraton-laval\/wp-content\/uploads\/sites\/11\/2022\/12\/amerispa_DSC2276_switch.jpg","datePublished":"2022-12-15T20:27:00+00:00","dateModified":"2024-02-09T20:55:08+00:00","description":"D\u00e9couvrez nos soins du visage et offrez \u00e0 votre peau un traitement personnalis\u00e9 et revitalisant. Nos esth\u00e9ticiennes exp\u00e9riment\u00e9es utilisent des produits de qualit\u00e9 pour vous offrir une exp\u00e9rience de d\u00e9tente et des r\u00e9sultats visibles.","breadcrumb":{"@id":"https:\/\/amerispadev.ca\/sheraton-laval\/soins-du-visage\/#breadcrumb"},"inLanguage":"en-US","potentialAction":[{"@type":"ReadAction","target":["https:\/\/amerispadev.ca\/sheraton-laval\/soins-du-visage\/"]}]},{"@type":"ImageObject","inLanguage":"en-US","@id":"https:\/\/amerispadev.ca\/sheraton-laval\/soins-du-visage\/#primaryimage","url":"https:\/\/amerispadev.ca\/sheraton-laval\/wp-content\/uploads\/sites\/11\/2022\/12\/amerispa_DSC2276_switch.jpg","contentUrl":"https:\/\/amerispadev.ca\/sheraton-laval\/wp-content\/uploads\/sites\/11\/2022\/12\/amerispa_DSC2276_switch.jpg","width":1920,"height":1281},{"@type":"BreadcrumbList","@id":"https:\/\/amerispadev.ca\/sheraton-laval\/soins-du-visage\/#breadcrumb","itemListElement":[{"@type":"ListItem","position":1,"name":"Accueil","item":"https:\/\/amerispadev.ca\/sheraton-laval\/"},{"@type":"ListItem","position":2,"name":"Soins du visage"}]},{"@type":"WebSite","@id":"https:\/\/amerispadev.ca\/sheraton-laval\/#website","url":"https:\/\/amerispadev.ca\/sheraton-laval\/","name":"Sheraton Laval","description":"","potentialAction":[{"@type":"SearchAction","target":{"@type":"EntryPoint","urlTemplate":"https:\/\/amerispadev.ca\/sheraton-laval\/?s={search_term_string}"},"query-input":{"@type":"PropertyValueSpecification","valueRequired":true,"valueName":"search_term_string"}}],"inLanguage":"en-US"}]}},"acf":[],"_links":{"self":[{"href":"https:\/\/amerispadev.ca\/sheraton-laval\/wp-json\/wp\/v2\/pages\/224","targetHints":{"allow":["GET"]}}],"collection":[{"href":"https:\/\/amerispadev.ca\/sheraton-laval\/wp-json\/wp\/v2\/pages"}],"about":[{"href":"https:\/\/amerispadev.ca\/sheraton-laval\/wp-json\/wp\/v2\/types\/page"}],"author":[{"embeddable":true,"href":"https:\/\/amerispadev.ca\/sheraton-laval\/wp-json\/wp\/v2\/users\/2"}],"replies":[{"embeddable":true,"href":"https:\/\/amerispadev.ca\/sheraton-laval\/wp-json\/wp\/v2\/comments?post=224"}],"version-history":[{"count":6,"href":"https:\/\/amerispadev.ca\/sheraton-laval\/wp-json\/wp\/v2\/pages\/224\/revisions"}],"predecessor-version":[{"id":560,"href":"https:\/\/amerispadev.ca\/sheraton-laval\/wp-json\/wp\/v2\/pages\/224\/revisions\/560"}],"wp:featuredmedia":[{"embeddable":true,"href":"https:\/\/amerispadev.ca\/sheraton-laval\/wp-json\/wp\/v2\/media\/237"}],"wp:attachment":[{"href":"https:\/\/amerispadev.ca\/sheraton-laval\/wp-json\/wp\/v2\/media?parent=224"}],"curies":[{"name":"wp","href":"https:\/\/api.w.org\/{rel}","templated":true}]}}