{"id":303,"date":"2022-12-16T10:58:07","date_gmt":"2022-12-16T15:58:07","guid":{"rendered":"https:\/\/amerispa.codepoet.ca\/sheraton-laval\/?page_id=303"},"modified":"2023-02-28T11:55:31","modified_gmt":"2023-02-28T16:55:31","slug":"epilation","status":"publish","type":"page","link":"https:\/\/amerispadev.ca\/sheraton-laval\/epilation\/","title":{"rendered":"\u00c9pilations"},"content":{"rendered":"","protected":false},"excerpt":{"rendered":"","protected":false},"author":2,"featured_media":532,"parent":0,"menu_order":6,"comment_status":"closed","ping_status":"closed","template":"template-typedesoin.php","meta":{"_acf_changed":false,"footnotes":""},"class_list":["post-303","page","type-page","status-publish","has-post-thumbnail","hentry"],"yoast_head":"<!-- This site is optimized with the Yoast SEO Premium plugin  - https:\/\/yoast.com\/wordpress\/plugins\/seo\/ -->\n<title>\u00c9pilation professionnelle | Amerispa Sheraton Laval<\/title>\n<meta name=\"description\" content=\"Offrez-vous une \u00e9pilation professionnelle. D\u00e9couvrez notre gamme de services d&#039;\u00e9pilation pour une peau lisse et soyeuse.\" \/>\n<meta name=\"robots\" content=\"index, follow, max-snippet:-1, max-image-preview:large, max-video-preview:-1\" \/>\n<link rel=\"canonical\" href=\"https:\/\/amerispadev.ca\/sheraton-laval\/epilation\/\" \/>\n<meta property=\"og:locale\" content=\"en_US\" \/>\n<meta property=\"og:type\" content=\"article\" \/>\n<meta property=\"og:title\" content=\"\u00c9pilations\" \/>\n<meta property=\"og:description\" content=\"Offrez-vous une \u00e9pilation professionnelle. D\u00e9couvrez notre gamme de services d&#039;\u00e9pilation pour une peau lisse et soyeuse.\" \/>\n<meta property=\"og:url\" content=\"https:\/\/amerispadev.ca\/sheraton-laval\/epilation\/\" \/>\n<meta property=\"og:site_name\" content=\"Sheraton Laval\" \/>\n<meta property=\"article:modified_time\" content=\"2023-02-28T16:55:31+00:00\" \/>\n<meta property=\"og:image\" content=\"https:\/\/amerispa.codepoet.ca\/sheraton-laval\/wp-content\/uploads\/sites\/11\/2023\/01\/REF_9236-scaled.jpg\" \/>\n\t<meta property=\"og:image:width\" content=\"1709\" \/>\n\t<meta property=\"og:image:height\" content=\"2560\" \/>\n\t<meta property=\"og:image:type\" content=\"image\/jpeg\" \/>\n<meta name=\"twitter:card\" content=\"summary_large_image\" \/>\n<script type=\"application\/ld+json\" class=\"yoast-schema-graph\">{\"@context\":\"https:\/\/schema.org\",\"@graph\":[{\"@type\":\"WebPage\",\"@id\":\"https:\/\/amerispadev.ca\/sheraton-laval\/epilation\/\",\"url\":\"https:\/\/amerispadev.ca\/sheraton-laval\/epilation\/\",\"name\":\"\u00c9pilation professionnelle | Amerispa Sheraton Laval\",\"isPartOf\":{\"@id\":\"https:\/\/amerispadev.ca\/sheraton-laval\/#website\"},\"primaryImageOfPage\":{\"@id\":\"https:\/\/amerispadev.ca\/sheraton-laval\/epilation\/#primaryimage\"},\"image\":{\"@id\":\"https:\/\/amerispadev.ca\/sheraton-laval\/epilation\/#primaryimage\"},\"thumbnailUrl\":\"https:\/\/amerispadev.ca\/sheraton-laval\/wp-content\/uploads\/sites\/11\/2023\/01\/REF_9236-scaled.jpg\",\"datePublished\":\"2022-12-16T15:58:07+00:00\",\"dateModified\":\"2023-02-28T16:55:31+00:00\",\"description\":\"Offrez-vous une \u00e9pilation professionnelle. D\u00e9couvrez notre gamme de services d'\u00e9pilation pour une peau lisse et soyeuse.\",\"breadcrumb\":{\"@id\":\"https:\/\/amerispadev.ca\/sheraton-laval\/epilation\/#breadcrumb\"},\"inLanguage\":\"en-US\",\"potentialAction\":[{\"@type\":\"ReadAction\",\"target\":[\"https:\/\/amerispadev.ca\/sheraton-laval\/epilation\/\"]}]},{\"@type\":\"ImageObject\",\"inLanguage\":\"en-US\",\"@id\":\"https:\/\/amerispadev.ca\/sheraton-laval\/epilation\/#primaryimage\",\"url\":\"https:\/\/amerispadev.ca\/sheraton-laval\/wp-content\/uploads\/sites\/11\/2023\/01\/REF_9236-scaled.jpg\",\"contentUrl\":\"https:\/\/amerispadev.ca\/sheraton-laval\/wp-content\/uploads\/sites\/11\/2023\/01\/REF_9236-scaled.jpg\",\"width\":1709,\"height\":2560},{\"@type\":\"BreadcrumbList\",\"@id\":\"https:\/\/amerispadev.ca\/sheraton-laval\/epilation\/#breadcrumb\",\"itemListElement\":[{\"@type\":\"ListItem\",\"position\":1,\"name\":\"Accueil\",\"item\":\"https:\/\/amerispadev.ca\/sheraton-laval\/\"},{\"@type\":\"ListItem\",\"position\":2,\"name\":\"\u00c9pilations\"}]},{\"@type\":\"WebSite\",\"@id\":\"https:\/\/amerispadev.ca\/sheraton-laval\/#website\",\"url\":\"https:\/\/amerispadev.ca\/sheraton-laval\/\",\"name\":\"Sheraton Laval\",\"description\":\"\",\"potentialAction\":[{\"@type\":\"SearchAction\",\"target\":{\"@type\":\"EntryPoint\",\"urlTemplate\":\"https:\/\/amerispadev.ca\/sheraton-laval\/?s={search_term_string}\"},\"query-input\":{\"@type\":\"PropertyValueSpecification\",\"valueRequired\":true,\"valueName\":\"search_term_string\"}}],\"inLanguage\":\"en-US\"}]}<\/script>\n<!-- \/ Yoast SEO Premium plugin. -->","yoast_head_json":{"title":"\u00c9pilation professionnelle | Amerispa Sheraton Laval","description":"Offrez-vous une \u00e9pilation professionnelle. D\u00e9couvrez notre gamme de services d'\u00e9pilation pour une peau lisse et soyeuse.","robots":{"index":"index","follow":"follow","max-snippet":"max-snippet:-1","max-image-preview":"max-image-preview:large","max-video-preview":"max-video-preview:-1"},"canonical":"https:\/\/amerispadev.ca\/sheraton-laval\/epilation\/","og_locale":"en_US","og_type":"article","og_title":"\u00c9pilations","og_description":"Offrez-vous une \u00e9pilation professionnelle. D\u00e9couvrez notre gamme de services d'\u00e9pilation pour une peau lisse et soyeuse.","og_url":"https:\/\/amerispadev.ca\/sheraton-laval\/epilation\/","og_site_name":"Sheraton Laval","article_modified_time":"2023-02-28T16:55:31+00:00","og_image":[{"width":1709,"height":2560,"url":"https:\/\/amerispa.codepoet.ca\/sheraton-laval\/wp-content\/uploads\/sites\/11\/2023\/01\/REF_9236-scaled.jpg","type":"image\/jpeg"}],"twitter_card":"summary_large_image","schema":{"@context":"https:\/\/schema.org","@graph":[{"@type":"WebPage","@id":"https:\/\/amerispadev.ca\/sheraton-laval\/epilation\/","url":"https:\/\/amerispadev.ca\/sheraton-laval\/epilation\/","name":"\u00c9pilation professionnelle | Amerispa Sheraton Laval","isPartOf":{"@id":"https:\/\/amerispadev.ca\/sheraton-laval\/#website"},"primaryImageOfPage":{"@id":"https:\/\/amerispadev.ca\/sheraton-laval\/epilation\/#primaryimage"},"image":{"@id":"https:\/\/amerispadev.ca\/sheraton-laval\/epilation\/#primaryimage"},"thumbnailUrl":"https:\/\/amerispadev.ca\/sheraton-laval\/wp-content\/uploads\/sites\/11\/2023\/01\/REF_9236-scaled.jpg","datePublished":"2022-12-16T15:58:07+00:00","dateModified":"2023-02-28T16:55:31+00:00","description":"Offrez-vous une \u00e9pilation professionnelle. D\u00e9couvrez notre gamme de services d'\u00e9pilation pour une peau lisse et soyeuse.","breadcrumb":{"@id":"https:\/\/amerispadev.ca\/sheraton-laval\/epilation\/#breadcrumb"},"inLanguage":"en-US","potentialAction":[{"@type":"ReadAction","target":["https:\/\/amerispadev.ca\/sheraton-laval\/epilation\/"]}]},{"@type":"ImageObject","inLanguage":"en-US","@id":"https:\/\/amerispadev.ca\/sheraton-laval\/epilation\/#primaryimage","url":"https:\/\/amerispadev.ca\/sheraton-laval\/wp-content\/uploads\/sites\/11\/2023\/01\/REF_9236-scaled.jpg","contentUrl":"https:\/\/amerispadev.ca\/sheraton-laval\/wp-content\/uploads\/sites\/11\/2023\/01\/REF_9236-scaled.jpg","width":1709,"height":2560},{"@type":"BreadcrumbList","@id":"https:\/\/amerispadev.ca\/sheraton-laval\/epilation\/#breadcrumb","itemListElement":[{"@type":"ListItem","position":1,"name":"Accueil","item":"https:\/\/amerispadev.ca\/sheraton-laval\/"},{"@type":"ListItem","position":2,"name":"\u00c9pilations"}]},{"@type":"WebSite","@id":"https:\/\/amerispadev.ca\/sheraton-laval\/#website","url":"https:\/\/amerispadev.ca\/sheraton-laval\/","name":"Sheraton Laval","description":"","potentialAction":[{"@type":"SearchAction","target":{"@type":"EntryPoint","urlTemplate":"https:\/\/amerispadev.ca\/sheraton-laval\/?s={search_term_string}"},"query-input":{"@type":"PropertyValueSpecification","valueRequired":true,"valueName":"search_term_string"}}],"inLanguage":"en-US"}]}},"acf":[],"_links":{"self":[{"href":"https:\/\/amerispadev.ca\/sheraton-laval\/wp-json\/wp\/v2\/pages\/303","targetHints":{"allow":["GET"]}}],"collection":[{"href":"https:\/\/amerispadev.ca\/sheraton-laval\/wp-json\/wp\/v2\/pages"}],"about":[{"href":"https:\/\/amerispadev.ca\/sheraton-laval\/wp-json\/wp\/v2\/types\/page"}],"author":[{"embeddable":true,"href":"https:\/\/amerispadev.ca\/sheraton-laval\/wp-json\/wp\/v2\/users\/2"}],"replies":[{"embeddable":true,"href":"https:\/\/amerispadev.ca\/sheraton-laval\/wp-json\/wp\/v2\/comments?post=303"}],"version-history":[{"count":6,"href":"https:\/\/amerispadev.ca\/sheraton-laval\/wp-json\/wp\/v2\/pages\/303\/revisions"}],"predecessor-version":[{"id":533,"href":"https:\/\/amerispadev.ca\/sheraton-laval\/wp-json\/wp\/v2\/pages\/303\/revisions\/533"}],"wp:featuredmedia":[{"embeddable":true,"href":"https:\/\/amerispadev.ca\/sheraton-laval\/wp-json\/wp\/v2\/media\/532"}],"wp:attachment":[{"href":"https:\/\/amerispadev.ca\/sheraton-laval\/wp-json\/wp\/v2\/media?parent=303"}],"curies":[{"name":"wp","href":"https:\/\/api.w.org\/{rel}","templated":true}]}}