{"id":300,"date":"2022-12-20T15:25:29","date_gmt":"2022-12-20T20:25:29","guid":{"rendered":"https:\/\/amerispa.codepoet.ca\/spa-nordique-cantley\/?page_id=300"},"modified":"2024-04-15T14:02:25","modified_gmt":"2024-04-15T18:02:25","slug":"promotions","status":"publish","type":"page","link":"https:\/\/amerispadev.ca\/spa-nordique-cantley\/promotions\/","title":{"rendered":"Promotions"},"content":{"rendered":"","protected":false},"excerpt":{"rendered":"","protected":false},"author":2,"featured_media":0,"parent":0,"menu_order":0,"comment_status":"closed","ping_status":"closed","template":"","meta":{"_acf_changed":false,"footnotes":""},"class_list":["post-300","page","type-page","status-publish","hentry"],"yoast_head":"<!-- This site is optimized with the Yoast SEO Premium plugin  - https:\/\/yoast.com\/wordpress\/plugins\/seo\/ -->\n<title>Promotions - Amerispa Spa Nordique Cantley<\/title>\n<meta name=\"description\" content=\"Profitez de nos offres exclusives. D\u00e9tendez-vous et offrez-vous un moment de d\u00e9tente ultime gr\u00e2ce \u00e0 nos soins de qualit\u00e9 sup\u00e9rieure.\" \/>\n<meta name=\"robots\" content=\"index, follow, max-snippet:-1, max-image-preview:large, max-video-preview:-1\" \/>\n<link rel=\"canonical\" href=\"https:\/\/amerispadev.ca\/spa-nordique-cantley\/promotions\/\" \/>\n<meta property=\"og:locale\" content=\"en_US\" \/>\n<meta property=\"og:type\" content=\"article\" \/>\n<meta property=\"og:title\" content=\"Promotions\" \/>\n<meta property=\"og:description\" content=\"Profitez de nos offres exclusives. D\u00e9tendez-vous et offrez-vous un moment de d\u00e9tente ultime gr\u00e2ce \u00e0 nos soins de qualit\u00e9 sup\u00e9rieure.\" \/>\n<meta property=\"og:url\" content=\"https:\/\/amerispadev.ca\/spa-nordique-cantley\/promotions\/\" \/>\n<meta property=\"og:site_name\" content=\"Spa Nordique Cantley\" \/>\n<meta property=\"article:modified_time\" content=\"2024-04-15T18:02:25+00:00\" \/>\n<meta name=\"twitter:card\" content=\"summary_large_image\" \/>\n<script type=\"application\/ld+json\" class=\"yoast-schema-graph\">{\"@context\":\"https:\/\/schema.org\",\"@graph\":[{\"@type\":\"WebPage\",\"@id\":\"https:\/\/amerispadev.ca\/spa-nordique-cantley\/promotions\/\",\"url\":\"https:\/\/amerispadev.ca\/spa-nordique-cantley\/promotions\/\",\"name\":\"Promotions - Amerispa Spa Nordique Cantley\",\"isPartOf\":{\"@id\":\"https:\/\/amerispadev.ca\/spa-nordique-cantley\/#website\"},\"datePublished\":\"2022-12-20T20:25:29+00:00\",\"dateModified\":\"2024-04-15T18:02:25+00:00\",\"description\":\"Profitez de nos offres exclusives. D\u00e9tendez-vous et offrez-vous un moment de d\u00e9tente ultime gr\u00e2ce \u00e0 nos soins de qualit\u00e9 sup\u00e9rieure.\",\"breadcrumb\":{\"@id\":\"https:\/\/amerispadev.ca\/spa-nordique-cantley\/promotions\/#breadcrumb\"},\"inLanguage\":\"en-US\",\"potentialAction\":[{\"@type\":\"ReadAction\",\"target\":[\"https:\/\/amerispadev.ca\/spa-nordique-cantley\/promotions\/\"]}]},{\"@type\":\"BreadcrumbList\",\"@id\":\"https:\/\/amerispadev.ca\/spa-nordique-cantley\/promotions\/#breadcrumb\",\"itemListElement\":[{\"@type\":\"ListItem\",\"position\":1,\"name\":\"Accueil\",\"item\":\"https:\/\/amerispadev.ca\/spa-nordique-cantley\/\"},{\"@type\":\"ListItem\",\"position\":2,\"name\":\"Promotions\"}]},{\"@type\":\"WebSite\",\"@id\":\"https:\/\/amerispadev.ca\/spa-nordique-cantley\/#website\",\"url\":\"https:\/\/amerispadev.ca\/spa-nordique-cantley\/\",\"name\":\"Spa Nordique Cantley\",\"description\":\"\",\"potentialAction\":[{\"@type\":\"SearchAction\",\"target\":{\"@type\":\"EntryPoint\",\"urlTemplate\":\"https:\/\/amerispadev.ca\/spa-nordique-cantley\/?s={search_term_string}\"},\"query-input\":{\"@type\":\"PropertyValueSpecification\",\"valueRequired\":true,\"valueName\":\"search_term_string\"}}],\"inLanguage\":\"en-US\"}]}<\/script>\n<!-- \/ Yoast SEO Premium plugin. -->","yoast_head_json":{"title":"Promotions - Amerispa Spa Nordique Cantley","description":"Profitez de nos offres exclusives. D\u00e9tendez-vous et offrez-vous un moment de d\u00e9tente ultime gr\u00e2ce \u00e0 nos soins de qualit\u00e9 sup\u00e9rieure.","robots":{"index":"index","follow":"follow","max-snippet":"max-snippet:-1","max-image-preview":"max-image-preview:large","max-video-preview":"max-video-preview:-1"},"canonical":"https:\/\/amerispadev.ca\/spa-nordique-cantley\/promotions\/","og_locale":"en_US","og_type":"article","og_title":"Promotions","og_description":"Profitez de nos offres exclusives. D\u00e9tendez-vous et offrez-vous un moment de d\u00e9tente ultime gr\u00e2ce \u00e0 nos soins de qualit\u00e9 sup\u00e9rieure.","og_url":"https:\/\/amerispadev.ca\/spa-nordique-cantley\/promotions\/","og_site_name":"Spa Nordique Cantley","article_modified_time":"2024-04-15T18:02:25+00:00","twitter_card":"summary_large_image","schema":{"@context":"https:\/\/schema.org","@graph":[{"@type":"WebPage","@id":"https:\/\/amerispadev.ca\/spa-nordique-cantley\/promotions\/","url":"https:\/\/amerispadev.ca\/spa-nordique-cantley\/promotions\/","name":"Promotions - Amerispa Spa Nordique Cantley","isPartOf":{"@id":"https:\/\/amerispadev.ca\/spa-nordique-cantley\/#website"},"datePublished":"2022-12-20T20:25:29+00:00","dateModified":"2024-04-15T18:02:25+00:00","description":"Profitez de nos offres exclusives. D\u00e9tendez-vous et offrez-vous un moment de d\u00e9tente ultime gr\u00e2ce \u00e0 nos soins de qualit\u00e9 sup\u00e9rieure.","breadcrumb":{"@id":"https:\/\/amerispadev.ca\/spa-nordique-cantley\/promotions\/#breadcrumb"},"inLanguage":"en-US","potentialAction":[{"@type":"ReadAction","target":["https:\/\/amerispadev.ca\/spa-nordique-cantley\/promotions\/"]}]},{"@type":"BreadcrumbList","@id":"https:\/\/amerispadev.ca\/spa-nordique-cantley\/promotions\/#breadcrumb","itemListElement":[{"@type":"ListItem","position":1,"name":"Accueil","item":"https:\/\/amerispadev.ca\/spa-nordique-cantley\/"},{"@type":"ListItem","position":2,"name":"Promotions"}]},{"@type":"WebSite","@id":"https:\/\/amerispadev.ca\/spa-nordique-cantley\/#website","url":"https:\/\/amerispadev.ca\/spa-nordique-cantley\/","name":"Spa Nordique Cantley","description":"","potentialAction":[{"@type":"SearchAction","target":{"@type":"EntryPoint","urlTemplate":"https:\/\/amerispadev.ca\/spa-nordique-cantley\/?s={search_term_string}"},"query-input":{"@type":"PropertyValueSpecification","valueRequired":true,"valueName":"search_term_string"}}],"inLanguage":"en-US"}]}},"acf":[],"_links":{"self":[{"href":"https:\/\/amerispadev.ca\/spa-nordique-cantley\/wp-json\/wp\/v2\/pages\/300","targetHints":{"allow":["GET"]}}],"collection":[{"href":"https:\/\/amerispadev.ca\/spa-nordique-cantley\/wp-json\/wp\/v2\/pages"}],"about":[{"href":"https:\/\/amerispadev.ca\/spa-nordique-cantley\/wp-json\/wp\/v2\/types\/page"}],"author":[{"embeddable":true,"href":"https:\/\/amerispadev.ca\/spa-nordique-cantley\/wp-json\/wp\/v2\/users\/2"}],"replies":[{"embeddable":true,"href":"https:\/\/amerispadev.ca\/spa-nordique-cantley\/wp-json\/wp\/v2\/comments?post=300"}],"version-history":[{"count":3,"href":"https:\/\/amerispadev.ca\/spa-nordique-cantley\/wp-json\/wp\/v2\/pages\/300\/revisions"}],"predecessor-version":[{"id":809,"href":"https:\/\/amerispadev.ca\/spa-nordique-cantley\/wp-json\/wp\/v2\/pages\/300\/revisions\/809"}],"wp:attachment":[{"href":"https:\/\/amerispadev.ca\/spa-nordique-cantley\/wp-json\/wp\/v2\/media?parent=300"}],"curies":[{"name":"wp","href":"https:\/\/api.w.org\/{rel}","templated":true}]}}